{"id":483,"date":"2025-09-22T13:06:00","date_gmt":"2025-09-22T11:06:00","guid":{"rendered":"https:\/\/rolfolsson.se\/?page_id=483"},"modified":"2025-10-23T20:12:55","modified_gmt":"2025-10-23T18:12:55","slug":"contact-phone","status":"publish","type":"page","link":"https:\/\/rolfolsson.se\/en\/start\/kontakt-telefon\/","title":{"rendered":"Contact by phone"},"content":{"rendered":"<div class=\"wp-block-group alignfull has-background-background-color has-background has-global-padding is-layout-constrained wp-container-core-group-is-layout-7276a2bb wp-block-group-is-layout-constrained\" style=\"margin-top:0;margin-bottom:0;padding-top:var(--wp--preset--spacing--60);padding-right:var(--wp--preset--spacing--30);padding-bottom:var(--wp--preset--spacing--60);padding-left:var(--wp--preset--spacing--30)\">\n<div class=\"wp-block-columns is-layout-flex wp-container-core-columns-is-layout-fa584acd wp-block-columns-is-layout-flex\">\n<div class=\"wp-block-column is-layout-flow wp-block-column-is-layout-flow\" style=\"flex-basis:50%\">\n<p>Visiting address: <strong>V\u00e4stra J\u00e4rnv\u00e4gsgatan 3, 9 tr, 111 64 Stockholm<\/strong><\/p>\n\n\n\n<p style=\"margin-top:0\">Postal address: Box 815, 101 36 Stockholm<\/p>\n\n\n\n<p class=\"has-small-font-size\" style=\"margin-top:8px\">+46 8 592 522 00 <\/p>\n\n\n\n<p class=\"has-small-font-size\" style=\"margin-top:8px\"><\/p>\n<\/div>\n<\/div>\n\n\n\n<div class=\"wp-block-media-text alignwide has-media-on-the-right is-stacked-on-mobile is-vertically-aligned-center is-image-fill-element\" style=\"padding-right:0;padding-left:0;grid-template-columns:auto 40%\"><div class=\"wp-block-media-text__content\">\n<div class=\"wp-block-group has-global-padding is-content-justification-left is-layout-constrained wp-container-core-group-is-layout-cdff7eec wp-block-group-is-layout-constrained\" style=\"padding-top:var(--wp--preset--spacing--30);padding-right:0;padding-bottom:var(--wp--preset--spacing--30);padding-left:0\">\n<h2 class=\"wp-block-heading has-large-font-size\">Contact Rolf by phone.<\/h2>\n\n\n\n<p style=\"margin-top:16px\">Contact Rolf by phone (08-59252200) to book a meeting about<\/p>\n\n\n\n<ul style=\"line-height:2\" class=\"wp-block-list has-small-font-size\">\n<li>Digital transformation<\/li>\n\n\n\n<li>Business process optimisation<\/li>\n\n\n\n<li>Quality assurance of data, IT systems or architecture<\/li>\n\n\n\n<li>Skills development for your team<\/li>\n\n\n\n<li>Defining and maintaining strategies for sustainable digitalisation<\/li>\n<\/ul>\n\n\n\n<div class=\"wp-block-buttons is-layout-flex wp-container-core-buttons-is-layout-12dcd427 wp-block-buttons-is-layout-flex\" style=\"margin-top:var(--wp--preset--spacing--40)\">\n<div class=\"wp-block-button\"><a class=\"wp-block-button__link wp-element-button\" href=\"https:\/\/rolfolsson.se\/en\/contact\/\">Contact form<\/a><\/div>\n<\/div>\n<\/div>\n<\/div><figure class=\"wp-block-media-text__media\"><img loading=\"lazy\" decoding=\"async\" width=\"1080\" height=\"1620\" src=\"https:\/\/rolfolsson.se\/wp-content\/uploads\/2025\/09\/image-6.jpg\" alt=\"\" class=\"wp-image-486 size-full\" style=\"object-position:50% 50%\" srcset=\"https:\/\/rolfolsson.se\/wp-content\/uploads\/2025\/09\/image-6.jpg 1080w, https:\/\/rolfolsson.se\/wp-content\/uploads\/2025\/09\/image-6-200x300.jpg 200w, https:\/\/rolfolsson.se\/wp-content\/uploads\/2025\/09\/image-6-683x1024.jpg 683w, https:\/\/rolfolsson.se\/wp-content\/uploads\/2025\/09\/image-6-768x1152.jpg 768w, https:\/\/rolfolsson.se\/wp-content\/uploads\/2025\/09\/image-6-1024x1536.jpg 1024w\" sizes=\"auto, (max-width: 1080px) 100vw, 1080px\" \/><\/figure><\/div>\n<\/div>\n\n\n\n<div class=\"wp-block-group alignfull has-background-background-color has-background has-global-padding is-layout-constrained wp-container-core-group-is-layout-9b19db8b wp-block-group-is-layout-constrained\" style=\"margin-top:0;margin-bottom:0;padding-top:var(--wp--preset--spacing--60);padding-right:var(--wp--preset--spacing--30);padding-bottom:var(--wp--preset--spacing--60);padding-left:var(--wp--preset--spacing--30)\"><\/div>","protected":false},"excerpt":{"rendered":"<p>Bes\u00f6ksadress: V\u00e4stra J\u00e4rnv\u00e4gsgatan 3, 9 tr, 111 64 Stockholm Postadress: Box 815, 101 36 Stockholm +46 8 592 522 00 Kontakta Rolf per telefon. Kontakta Rolf per telefon (08-59252200) f\u00f6r att boka ett m\u00f6te kring<\/p>","protected":false},"author":2,"featured_media":0,"parent":11,"menu_order":0,"comment_status":"closed","ping_status":"closed","template":"","meta":{"om_disable_all_campaigns":false,"_monsterinsights_skip_tracking":false,"_monsterinsights_sitenote_active":false,"_monsterinsights_sitenote_note":"","_monsterinsights_sitenote_category":0,"footnotes":""},"class_list":["post-483","page","type-page","status-publish","hentry"],"aioseo_notices":[],"aioseo_head":"\n\t\t<!-- All in One SEO Pro 4.9.6.2 - aioseo.com -->\n\t<meta name=\"description\" content=\"F\u00f6r digitalisering och aff\u00e4rsoptimering, ring Rolf Olsson i Stockholm 0859252200 f\u00f6r att diskutera system, kompetensutveckling och strategier f\u00f6r framtiden.\" \/>\n\t<meta name=\"robots\" content=\"max-image-preview:large\" \/>\n\t<meta name=\"msvalidate.01\" content=\"bced44922b5141bbb246f3fdb3f9dff8\" \/>\n\t<link rel=\"canonical\" href=\"https:\/\/rolfolsson.se\/en\/start\/kontakt-telefon\/\" \/>\n\t<meta name=\"generator\" content=\"All in One SEO Pro (AIOSEO) 4.9.6.2\" \/>\n\t\t<meta property=\"og:locale\" content=\"en_GB\" \/>\n\t\t<meta property=\"og:site_name\" content=\"Tillv\u00e4xtcoach, enterprisearkitekt och f\u00f6r\u00e4ndringsledare | &quot;Rolf strukturerar upp det om\u00f6jliga s\u00e5 det blir fullt m\u00f6jligt&quot;\" \/>\n\t\t<meta property=\"og:type\" content=\"article\" \/>\n\t\t<meta property=\"og:title\" content=\"Kontakta Rolf Olsson per telefon p\u00e5 08-59252200\" \/>\n\t\t<meta property=\"og:description\" content=\"F\u00f6r digitalisering och aff\u00e4rsoptimering, ring Rolf Olsson i Stockholm 0859252200 f\u00f6r att diskutera system, kompetensutveckling och strategier f\u00f6r framtiden.\" \/>\n\t\t<meta property=\"og:url\" content=\"https:\/\/rolfolsson.se\/en\/start\/kontakt-telefon\/\" \/>\n\t\t<meta property=\"og:image\" content=\"https:\/\/rolfolsson.se\/wp-content\/uploads\/2025\/09\/image-6.jpg\" \/>\n\t\t<meta property=\"og:image:secure_url\" content=\"https:\/\/rolfolsson.se\/wp-content\/uploads\/2025\/09\/image-6.jpg\" \/>\n\t\t<meta property=\"og:image:width\" content=\"1080\" \/>\n\t\t<meta property=\"og:image:height\" content=\"1620\" \/>\n\t\t<meta property=\"article:published_time\" content=\"2025-09-22T11:06:00+00:00\" \/>\n\t\t<meta property=\"article:modified_time\" content=\"2025-10-23T18:12:55+00:00\" \/>\n\t\t<meta name=\"twitter:card\" content=\"summary_large_image\" \/>\n\t\t<meta name=\"twitter:title\" content=\"Kontakta Rolf Olsson per telefon p\u00e5 08-59252200\" \/>\n\t\t<meta name=\"twitter:description\" content=\"F\u00f6r digitalisering och aff\u00e4rsoptimering, ring Rolf Olsson i Stockholm 0859252200 f\u00f6r att diskutera system, kompetensutveckling och strategier f\u00f6r framtiden.\" \/>\n\t\t<meta name=\"twitter:image\" content=\"https:\/\/rolfolsson.se\/wp-content\/uploads\/2025\/09\/image-6.jpg\" \/>\n\t\t<script type=\"application\/ld+json\" class=\"aioseo-schema\">\n\t\t\t{\"@context\":\"https:\\\/\\\/schema.org\",\"@graph\":[{\"@type\":\"BreadcrumbList\",\"@id\":\"https:\\\/\\\/rolfolsson.se\\\/en\\\/start\\\/kontakt-telefon\\\/#breadcrumblist\",\"itemListElement\":[{\"@type\":\"ListItem\",\"@id\":\"https:\\\/\\\/rolfolsson.se\\\/en#listItem\",\"position\":2,\"name\":\"Start\",\"item\":\"https:\\\/\\\/rolfolsson.se\\\/en\",\"nextItem\":{\"@type\":\"ListItem\",\"@id\":\"https:\\\/\\\/rolfolsson.se\\\/en\\\/start\\\/kontakt-telefon\\\/#listItem\",\"name\":\"Kontakt via telefon\"},\"previousItem\":{\"@type\":\"ListItem\",\"@id\":\"#listItem\",\"name\":\"Language\"}},{\"@type\":\"ListItem\",\"@id\":\"https:\\\/\\\/rolfolsson.se\\\/en\\\/start\\\/kontakt-telefon\\\/#listItem\",\"position\":3,\"name\":\"Kontakt via telefon\",\"previousItem\":{\"@type\":\"ListItem\",\"@id\":\"https:\\\/\\\/rolfolsson.se\\\/en#listItem\",\"name\":\"Start\"}}]},{\"@type\":\"Organization\",\"@id\":\"https:\\\/\\\/rolfolsson.se\\\/en\\\/#organization\",\"name\":\"Tillv\\u00e4xtcoach, enterprisearkitekt och f\\u00f6r\\u00e4ndringsledare\",\"description\":\"\\\"Rolf strukturerar upp det om\\u00f6jliga s\\u00e5 det blir fullt m\\u00f6jligt\\\"\",\"url\":\"https:\\\/\\\/rolfolsson.se\\\/en\\\/\",\"email\":\"info@rolfolsson.se\",\"telephone\":\"+46859252200\",\"foundingDate\":\"2010-06-09\",\"numberOfEmployees\":{\"@type\":\"QuantitativeValue\",\"value\":2},\"logo\":{\"@type\":\"ImageObject\",\"url\":\"https:\\\/\\\/rolfolsson.se\\\/wp-content\\\/uploads\\\/2025\\\/08\\\/RolfOlsson_logga2.png\",\"@id\":\"https:\\\/\\\/rolfolsson.se\\\/en\\\/start\\\/kontakt-telefon\\\/#organizationLogo\",\"width\":235,\"height\":178,\"caption\":\"Rolf Olsson logotype\"},\"image\":{\"@id\":\"https:\\\/\\\/rolfolsson.se\\\/en\\\/start\\\/kontakt-telefon\\\/#organizationLogo\"},\"sameAs\":[\"https:\\\/\\\/se.linkedin.com\\\/in\\\/olssonrolf\\\/sv\"],\"address\":{\"@id\":\"https:\\\/\\\/rolfolsson.se\\\/en\\\/#postaladdress\",\"@type\":\"PostalAddress\",\"streetAddress\":\"V\\u00e4stra J\\u00e4rnv\\u00e4gsgatan 3, 9tr,\",\"postalCode\":\"11164\",\"addressLocality\":\"Stockholm\",\"addressRegion\":\"Stockholm\",\"addressCountry\":\"SE\"}},{\"@type\":\"WebPage\",\"@id\":\"https:\\\/\\\/rolfolsson.se\\\/en\\\/start\\\/kontakt-telefon\\\/#webpage\",\"url\":\"https:\\\/\\\/rolfolsson.se\\\/en\\\/start\\\/kontakt-telefon\\\/\",\"name\":\"Kontakta Rolf Olsson per telefon p\\u00e5 08-59252200\",\"description\":\"F\\u00f6r digitalisering och aff\\u00e4rsoptimering, ring Rolf Olsson i Stockholm 0859252200 f\\u00f6r att diskutera system, kompetensutveckling och strategier f\\u00f6r framtiden.\",\"inLanguage\":\"en-GB\",\"isPartOf\":{\"@id\":\"https:\\\/\\\/rolfolsson.se\\\/en\\\/#website\"},\"breadcrumb\":{\"@id\":\"https:\\\/\\\/rolfolsson.se\\\/en\\\/start\\\/kontakt-telefon\\\/#breadcrumblist\"},\"datePublished\":\"2025-09-22T13:06:00+02:00\",\"dateModified\":\"2025-10-23T20:12:55+02:00\"},{\"@type\":\"WebSite\",\"@id\":\"https:\\\/\\\/rolfolsson.se\\\/en\\\/#website\",\"url\":\"https:\\\/\\\/rolfolsson.se\\\/en\\\/\",\"name\":\"Tillv\\u00e4xtcoach, enterprisearkitekt och f\\u00f6r\\u00e4ndringsledare\",\"description\":\"\\\"Rolf strukturerar upp det om\\u00f6jliga s\\u00e5 det blir fullt m\\u00f6jligt\\\"\",\"inLanguage\":\"en-GB\",\"publisher\":{\"@id\":\"https:\\\/\\\/rolfolsson.se\\\/en\\\/#organization\"}}]}\n\t\t<\/script>\n\t\t<!-- All in One SEO Pro -->\r\n\t\t<title>Kontakta Rolf Olsson per telefon p\u00e5 08-59252200<\/title>\n\n","aioseo_head_json":{"title":"Contact Rolf Olsson by telephone on 08-59252200","description":"For digitalisation and business optimisation, call Rolf Olsson in Stockholm 0859252200 to discuss systems, skills development and strategies for the future.","canonical_url":"https:\/\/rolfolsson.se\/en\/start\/kontakt-telefon\/","robots":"max-image-preview:large","keywords":"","webmasterTools":{"msvalidate.01":"bced44922b5141bbb246f3fdb3f9dff8","miscellaneous":""},"schema":{"@context":"https:\/\/schema.org","@graph":[{"@type":"BreadcrumbList","@id":"https:\/\/rolfolsson.se\/en\/start\/kontakt-telefon\/#breadcrumblist","itemListElement":[{"@type":"ListItem","@id":"https:\/\/rolfolsson.se\/en#listItem","position":2,"name":"Start","item":"https:\/\/rolfolsson.se\/en","nextItem":{"@type":"ListItem","@id":"https:\/\/rolfolsson.se\/en\/start\/kontakt-telefon\/#listItem","name":"Kontakt via telefon"},"previousItem":{"@type":"ListItem","@id":"#listItem","name":"Language"}},{"@type":"ListItem","@id":"https:\/\/rolfolsson.se\/en\/start\/kontakt-telefon\/#listItem","position":3,"name":"Kontakt via telefon","previousItem":{"@type":"ListItem","@id":"https:\/\/rolfolsson.se\/en#listItem","name":"Start"}}]},{"@type":"Organization","@id":"https:\/\/rolfolsson.se\/en\/#organization","name":"Tillv\u00e4xtcoach, enterprisearkitekt och f\u00f6r\u00e4ndringsledare","description":"\"Rolf strukturerar upp det om\u00f6jliga s\u00e5 det blir fullt m\u00f6jligt\"","url":"https:\/\/rolfolsson.se\/en\/","email":"info@rolfolsson.se","telephone":"+46859252200","foundingDate":"2010-06-09","numberOfEmployees":{"@type":"QuantitativeValue","value":2},"logo":{"@type":"ImageObject","url":"https:\/\/rolfolsson.se\/wp-content\/uploads\/2025\/08\/RolfOlsson_logga2.png","@id":"https:\/\/rolfolsson.se\/en\/start\/kontakt-telefon\/#organizationLogo","width":235,"height":178,"caption":"Rolf Olsson logotype"},"image":{"@id":"https:\/\/rolfolsson.se\/en\/start\/kontakt-telefon\/#organizationLogo"},"sameAs":["https:\/\/se.linkedin.com\/in\/olssonrolf\/sv"],"address":{"@id":"https:\/\/rolfolsson.se\/en\/#postaladdress","@type":"PostalAddress","streetAddress":"V\u00e4stra J\u00e4rnv\u00e4gsgatan 3, 9tr,","postalCode":"11164","addressLocality":"Stockholm","addressRegion":"Stockholm","addressCountry":"SE"}},{"@type":"WebPage","@id":"https:\/\/rolfolsson.se\/en\/start\/kontakt-telefon\/#webpage","url":"https:\/\/rolfolsson.se\/en\/start\/kontakt-telefon\/","name":"Kontakta Rolf Olsson per telefon p\u00e5 08-59252200","description":"F\u00f6r digitalisering och aff\u00e4rsoptimering, ring Rolf Olsson i Stockholm 0859252200 f\u00f6r att diskutera system, kompetensutveckling och strategier f\u00f6r framtiden.","inLanguage":"en-GB","isPartOf":{"@id":"https:\/\/rolfolsson.se\/en\/#website"},"breadcrumb":{"@id":"https:\/\/rolfolsson.se\/en\/start\/kontakt-telefon\/#breadcrumblist"},"datePublished":"2025-09-22T13:06:00+02:00","dateModified":"2025-10-23T20:12:55+02:00"},{"@type":"WebSite","@id":"https:\/\/rolfolsson.se\/en\/#website","url":"https:\/\/rolfolsson.se\/en\/","name":"Tillv\u00e4xtcoach, enterprisearkitekt och f\u00f6r\u00e4ndringsledare","description":"\"Rolf strukturerar upp det om\u00f6jliga s\u00e5 det blir fullt m\u00f6jligt\"","inLanguage":"en-GB","publisher":{"@id":"https:\/\/rolfolsson.se\/en\/#organization"}}]},"og:locale":"en_GB","og:site_name":"Tillv\u00e4xtcoach, enterprisearkitekt och f\u00f6r\u00e4ndringsledare | &quot;Rolf strukturerar upp det om\u00f6jliga s\u00e5 det blir fullt m\u00f6jligt&quot;","og:type":"article","og:title":"Kontakta Rolf Olsson per telefon p\u00e5 08-59252200","og:description":"F\u00f6r digitalisering och aff\u00e4rsoptimering, ring Rolf Olsson i Stockholm 0859252200 f\u00f6r att diskutera system, kompetensutveckling och strategier f\u00f6r framtiden.","og:url":"https:\/\/rolfolsson.se\/en\/start\/kontakt-telefon\/","og:image":"https:\/\/rolfolsson.se\/wp-content\/uploads\/2025\/09\/image-6.jpg","og:image:secure_url":"https:\/\/rolfolsson.se\/wp-content\/uploads\/2025\/09\/image-6.jpg","og:image:width":"1080","og:image:height":"1620","article:published_time":"2025-09-22T11:06:00+00:00","article:modified_time":"2025-10-23T18:12:55+00:00","twitter:card":"summary_large_image","twitter:title":"Kontakta Rolf Olsson per telefon p\u00e5 08-59252200","twitter:description":"F\u00f6r digitalisering och aff\u00e4rsoptimering, ring Rolf Olsson i Stockholm 0859252200 f\u00f6r att diskutera system, kompetensutveckling och strategier f\u00f6r framtiden.","twitter:image":"https:\/\/rolfolsson.se\/wp-content\/uploads\/2025\/09\/image-6.jpg"},"aioseo_meta_data":{"post_id":"483","title":"Contact Rolf Olsson by telephone on 08-59252200","description":"For digitalisation and business optimisation, call Rolf Olsson in Stockholm 0859252200 to discuss systems, skills development and strategies for the future.","keywords":null,"keyphrases":{"focus":{"keyphrase":"","score":0,"analysis":{"keyphraseInTitle":{"score":0,"maxScore":9,"error":1}}},"additional":[]},"primary_term":null,"canonical_url":null,"og_title":null,"og_description":null,"og_object_type":"default","og_image_type":"content","og_image_url":"https:\/\/rolfolsson.se\/wp-content\/uploads\/2025\/09\/image-6.jpg","og_image_width":"1080","og_image_height":"1620","og_image_custom_url":null,"og_image_custom_fields":null,"og_video":"","og_custom_url":null,"og_article_section":null,"og_article_tags":null,"twitter_use_og":false,"twitter_card":"default","twitter_image_type":"default","twitter_image_url":null,"twitter_image_custom_url":null,"twitter_image_custom_fields":null,"twitter_title":null,"twitter_description":null,"schema":{"blockGraphs":[],"customGraphs":[],"default":{"data":{"Article":[],"Course":[],"Dataset":[],"FAQPage":[],"Movie":[],"Person":[],"Product":[],"ProductReview":[],"Car":[],"Recipe":[],"Service":[],"SoftwareApplication":[],"WebPage":[]},"graphName":"WebPage","isEnabled":true},"graphs":[]},"schema_type":"default","schema_type_options":null,"pillar_content":false,"robots_default":true,"robots_noindex":false,"robots_noarchive":false,"robots_nosnippet":false,"robots_nofollow":false,"robots_noimageindex":false,"robots_noodp":false,"robots_notranslate":false,"robots_max_snippet":"-1","robots_max_videopreview":"-1","robots_max_imagepreview":"large","priority":null,"frequency":"default","local_seo":null,"seo_analyzer_scan_date":"2025-10-23 18:27:56","breadcrumb_settings":null,"limit_modified_date":false,"reviewed_by":"0","open_ai":null,"ai":{"faqs":[],"keyPoints":[],"titles":[],"descriptions":["Uppt\u00e4ck hur du kan f\u00f6rst\u00e4rka din digitala strategi! Kontakta Rolf i Stockholm f\u00f6r aff\u00e4rsprocessutveckling, data- och systemkvalitet, eller teamutveckling.","Optimera din digitala transformation med Rolf i Stockholm. Boka m\u00f6te f\u00f6r att f\u00f6rb\u00e4ttra processer, data, IT-arkitektur och h\u00e5llbar digitalisering.","F\u00e5 expertr\u00e5d f\u00f6r digitalisering och aff\u00e4rsoptimering. Ring Rolf i Stockholm f\u00f6r att diskutera system, kompetensutveckling och strategier f\u00f6r framtiden.","Vill du st\u00e4rka ditt f\u00f6retags digitala erbjudande? Kontakta Rolf i Stockholm f\u00f6r att diskutera processoptimering, data kvalitet eller teamutveckling.","Boka ett m\u00f6te med Rolf i Stockholm f\u00f6r att ta itu med digital transformation, IT-s\u00e4kerhet, och kompetensutveckling. Steget mot framtidens f\u00f6retag b\u00f6rjar h\u00e4r."],"socialPosts":{"email":[],"linkedin":[],"twitter":[],"facebook":[],"instagram":[]}},"created":"2025-09-22 10:59:56","updated":"2025-11-26 21:37:15"},"aioseo_breadcrumb":"<div class=\"aioseo-breadcrumbs\"><span class=\"aioseo-breadcrumb\">\n\tLanguage\n<\/span><span class=\"aioseo-breadcrumb-separator\">\u2192<\/span><span class=\"aioseo-breadcrumb\">\n\t<a href=\"https:\/\/rolfolsson.se\/en\" title=\"Start\">Start<\/a>\n<\/span><span class=\"aioseo-breadcrumb-separator\">\u2192<\/span><span class=\"aioseo-breadcrumb\">\n\t<a href=\"https:\/\/rolfolsson.se\/en\/start\/kontakt-telefon\/\" title=\"Kontakt via telefon\">Kontakt via telefon<\/a>\n<\/span><\/div>","aioseo_breadcrumb_json":[{"label":"Language","link":""},{"label":"Start","link":"https:\/\/rolfolsson.se\/en"},{"label":"Kontakt via telefon","link":"https:\/\/rolfolsson.se\/en\/start\/kontakt-telefon\/"}],"_links":{"self":[{"href":"https:\/\/rolfolsson.se\/en\/wp-json\/wp\/v2\/pages\/483","targetHints":{"allow":["GET"]}}],"collection":[{"href":"https:\/\/rolfolsson.se\/en\/wp-json\/wp\/v2\/pages"}],"about":[{"href":"https:\/\/rolfolsson.se\/en\/wp-json\/wp\/v2\/types\/page"}],"author":[{"embeddable":true,"href":"https:\/\/rolfolsson.se\/en\/wp-json\/wp\/v2\/users\/2"}],"replies":[{"embeddable":true,"href":"https:\/\/rolfolsson.se\/en\/wp-json\/wp\/v2\/comments?post=483"}],"version-history":[{"count":4,"href":"https:\/\/rolfolsson.se\/en\/wp-json\/wp\/v2\/pages\/483\/revisions"}],"predecessor-version":[{"id":713,"href":"https:\/\/rolfolsson.se\/en\/wp-json\/wp\/v2\/pages\/483\/revisions\/713"}],"up":[{"embeddable":true,"href":"https:\/\/rolfolsson.se\/en\/wp-json\/wp\/v2\/pages\/11"}],"wp:attachment":[{"href":"https:\/\/rolfolsson.se\/en\/wp-json\/wp\/v2\/media?parent=483"}],"curies":[{"name":"wp","href":"https:\/\/api.w.org\/{rel}","templated":true}]}}