{"id":322,"date":"2025-09-04T10:38:53","date_gmt":"2025-09-04T08:38:53","guid":{"rendered":"https:\/\/rolfolsson.se\/?page_id=322"},"modified":"2025-09-22T15:12:27","modified_gmt":"2025-09-22T13:12:27","slug":"portfolio-arenastart-communities","status":"publish","type":"page","link":"https:\/\/rolfolsson.se\/sv\/start\/portfolio\/portfolio-arenastart-communities\/","title":{"rendered":"Portfolio ArenaStart Communities"},"content":{"rendered":"\n<p><\/p>\n\n\n\n<p><\/p>\n\n\n\n<h2 class=\"wp-block-heading has-text-align-center\" style=\"border-style:none;border-width:0px;margin-top:0;margin-right:0;margin-bottom:0;margin-left:0;font-size:clamp(1.301rem, 1.301rem + ((1vw - 0.2rem) * 0.799), 2.1rem);\">Portfolio \u00f6ver Communities<\/h2>\n\n\n\n<p class=\"has-text-align-center\" style=\"margin-top:16px\">Bes\u00f6k g\u00e4rna n\u00e5gon av ArenaStarts communities<\/p>\n\n\n\n<div class=\"wp-block-group alignfull has-background-background-color has-background is-layout-grid wp-container-core-group-is-layout-298e0452 wp-block-group-is-layout-grid\" style=\"margin-top:0px;margin-bottom:0px;padding-top:var(--wp--preset--spacing--50);padding-right:0;padding-bottom:var(--wp--preset--spacing--50);padding-left:0\">\n<div class=\"wp-block-group has-tertiary-background-color has-background wp-container-content-e4b5e493 is-vertical is-content-justification-center is-layout-flex wp-container-core-group-is-layout-ed1016bf wp-block-group-is-layout-flex\" style=\"margin-top:0;margin-bottom:0;padding-top:0;padding-bottom:0\">\n<p><\/p>\n\n\n\n<img decoding=\"async\" src=\"\/\/image.thum.io\/get\/width\/300\/crop\/2000\/https:\/\/investors.swedishventures.se\" \/\n\n\n\n<div class=\"wp-block-buttons is-layout-flex wp-block-buttons-is-layout-flex\">\n<div class=\"wp-block-button is-style-fill\"><a class=\"wp-block-button__link wp-element-button\" href=\"https:\/\/investors.swedishventures.se\" style=\"border-radius:100px;padding-top:var(--wp--preset--spacing--20);padding-right:var(--wp--preset--spacing--20);padding-bottom:var(--wp--preset--spacing--20);padding-left:var(--wp--preset--spacing--20)\" target=\"_blank\" rel=\"noreferrer noopener\">G\u00e5 till Investors p\u00e5 SwedishVentures.se<\/a><\/div>\n<\/div>\n\n\n\n<p><\/p>\n<\/div>\n\n\n\n<div class=\"wp-block-group wp-container-content-e4b5e493 is-vertical is-content-justification-center is-layout-flex wp-container-core-group-is-layout-ed1016bf wp-block-group-is-layout-flex\" style=\"margin-top:0;margin-bottom:0;padding-top:0;padding-bottom:0\">\n<p><\/p>\n\n\n\n<img decoding=\"async\" src=\"\/\/image.thum.io\/get\/width\/300\/crop\/2000\/https:\/\/dealroom.swedishventures.se\n\/\" \/\n\n\n\n<div class=\"wp-block-buttons is-layout-flex wp-block-buttons-is-layout-flex\">\n<div class=\"wp-block-button is-style-fill\"><a class=\"wp-block-button__link wp-element-button\" href=\"https:\/\/dealroom.swedishventures.se\" style=\"border-radius:100px;padding-top:var(--wp--preset--spacing--20);padding-right:var(--wp--preset--spacing--20);padding-bottom:var(--wp--preset--spacing--20);padding-left:var(--wp--preset--spacing--20)\" target=\"_blank\" rel=\"noreferrer noopener\">G\u00e5 till Dealroom p\u00e5 SwedishVentures.se<\/a><\/div>\n<\/div>\n\n\n\n<p><\/p>\n<\/div>\n\n\n\n<div class=\"wp-block-group has-tertiary-background-color has-background is-vertical is-content-justification-center is-layout-flex wp-container-core-group-is-layout-ed1016bf wp-block-group-is-layout-flex\" style=\"margin-top:0;margin-bottom:0;padding-top:0;padding-bottom:0\">\n<p><\/p>\n\n\n\n<img decoding=\"async\" src=\"\/\/image.thum.io\/get\/width\/300\/crop\/2000\/https:\/\/im4cfo.innovationacademy.se\n\/\" \/\n\n\n\n<div class=\"wp-block-buttons is-layout-flex wp-block-buttons-is-layout-flex\">\n<div class=\"wp-block-button is-style-fill\"><a class=\"wp-block-button__link wp-element-button\" href=\"https:\/\/im4cfo.innovationacademy.se\" style=\"border-radius:100px;padding-top:var(--wp--preset--spacing--20);padding-right:var(--wp--preset--spacing--20);padding-bottom:var(--wp--preset--spacing--20);padding-left:var(--wp--preset--spacing--20)\" target=\"_blank\" rel=\"noreferrer noopener\">G\u00e5 till Innovation Management f\u00f6r CFO p\u00e5 Innovationacademy.se<\/a><\/div>\n<\/div>\n<\/div>\n\n\n\n<div class=\"wp-block-group wp-container-content-e4b5e493 is-vertical is-content-justification-center is-layout-flex wp-container-core-group-is-layout-ed1016bf wp-block-group-is-layout-flex\" style=\"margin-top:0;margin-bottom:0;padding-top:0;padding-bottom:0\">\n<p><\/p>\n\n\n\n<img decoding=\"async\" src=\"\/\/image.thum.io\/get\/width\/300\/crop\/2000\/https:\/\/im4ceo.innovationacademy.se\n\" \/\n\n\n\n<div class=\"wp-block-buttons is-layout-flex wp-block-buttons-is-layout-flex\">\n<div class=\"wp-block-button is-style-fill\"><a class=\"wp-block-button__link wp-element-button\" href=\"https:\/\/im4ceo.innovationacademy.se\" style=\"border-radius:100px;padding-top:var(--wp--preset--spacing--20);padding-right:var(--wp--preset--spacing--20);padding-bottom:var(--wp--preset--spacing--20);padding-left:var(--wp--preset--spacing--20)\" target=\"_blank\" rel=\"noreferrer noopener\">G\u00e5 till Innovation Management f\u00f6r CEO p\u00e5 Innovationacademy.se<\/a><\/div>\n<\/div>\n<\/div>\n\n\n\n<div class=\"wp-block-group has-tertiary-background-color has-background is-vertical is-content-justification-center is-layout-flex wp-container-core-group-is-layout-ed1016bf wp-block-group-is-layout-flex\" style=\"margin-top:0;margin-bottom:0;padding-top:0;padding-bottom:0\">\n<p><\/p>\n\n\n\n<img decoding=\"async\" src=\"\/\/image.thum.io\/get\/width\/300\/crop\/2000\/https:\/\/im4board.innovationacademy.se\/\" \/\n\n\n\n<div class=\"wp-block-buttons is-layout-flex wp-block-buttons-is-layout-flex\">\n<div class=\"wp-block-button is-style-fill\"><a class=\"wp-block-button__link wp-element-button\" href=\"https:\/\/im4board.innovationacademy.se\" style=\"border-radius:100px;padding-top:var(--wp--preset--spacing--20);padding-right:var(--wp--preset--spacing--20);padding-bottom:var(--wp--preset--spacing--20);padding-left:var(--wp--preset--spacing--20)\" target=\"_blank\" rel=\"noreferrer noopener\">G\u00e5 till Innovation Management f\u00f6r Styrelsen p\u00e5 Innovationacademy.se<\/a><\/div>\n<\/div>\n<\/div>\n<\/div>\n","protected":false},"excerpt":{"rendered":"<p>Portfolio \u00f6ver Communities Bes\u00f6k g\u00e4rna n\u00e5gon av ArenaStarts communities<\/p>\n","protected":false},"author":2,"featured_media":0,"parent":368,"menu_order":0,"comment_status":"closed","ping_status":"closed","template":"page-with-title","meta":{"om_disable_all_campaigns":false,"_monsterinsights_skip_tracking":false,"_monsterinsights_sitenote_active":false,"_monsterinsights_sitenote_note":"","_monsterinsights_sitenote_category":0,"footnotes":""},"class_list":["post-322","page","type-page","status-publish","hentry"],"aioseo_notices":[],"aioseo_head":"\n\t\t<!-- All in One SEO Pro 4.9.6.2 - aioseo.com -->\n\t<meta name=\"description\" content=\"ArenaStart driver ett antal virtuella n\u00e4tverk f\u00f6r proffs inom verksamhetsutveckling. Sidan visar en \u00f6versikt \u00f6ver Arenastarts communities.\" \/>\n\t<meta name=\"robots\" content=\"max-image-preview:large\" \/>\n\t<meta name=\"msvalidate.01\" content=\"bced44922b5141bbb246f3fdb3f9dff8\" \/>\n\t<link rel=\"canonical\" href=\"https:\/\/rolfolsson.se\/sv\/start\/portfolio\/portfolio-arenastart-communities\/\" \/>\n\t<meta name=\"generator\" content=\"All in One SEO Pro (AIOSEO) 4.9.6.2\" \/>\n\t\t<meta property=\"og:locale\" content=\"sv_SE\" \/>\n\t\t<meta property=\"og:site_name\" content=\"Tillv\u00e4xtcoach, enterprisearkitekt och f\u00f6r\u00e4ndringsledare | &quot;Rolf strukturerar upp det om\u00f6jliga s\u00e5 det blir fullt m\u00f6jligt&quot;\" \/>\n\t\t<meta property=\"og:type\" content=\"article\" \/>\n\t\t<meta property=\"og:title\" content=\"\u00d6versikt ArenaStart virtuella n\u00e4tverk f\u00f6r dig som \u00e4r proffs\" \/>\n\t\t<meta property=\"og:description\" content=\"ArenaStart driver ett antal virtuella n\u00e4tverk f\u00f6r proffs inom verksamhetsutveckling. Sidan visar en \u00f6versikt \u00f6ver Arenastarts communities.\" \/>\n\t\t<meta property=\"og:url\" content=\"https:\/\/rolfolsson.se\/sv\/start\/portfolio\/portfolio-arenastart-communities\/\" \/>\n\t\t<meta property=\"article:published_time\" content=\"2025-09-04T08:38:53+00:00\" \/>\n\t\t<meta property=\"article:modified_time\" content=\"2025-09-22T13:12:27+00:00\" \/>\n\t\t<meta name=\"twitter:card\" content=\"summary_large_image\" \/>\n\t\t<meta name=\"twitter:title\" content=\"\u00d6versikt ArenaStart virtuella n\u00e4tverk f\u00f6r dig som \u00e4r proffs\" \/>\n\t\t<meta name=\"twitter:description\" content=\"ArenaStart driver ett antal virtuella n\u00e4tverk f\u00f6r proffs inom verksamhetsutveckling. Sidan visar en \u00f6versikt \u00f6ver Arenastarts communities.\" \/>\n\t\t<script type=\"application\/ld+json\" class=\"aioseo-schema\">\n\t\t\t{\"@context\":\"https:\\\/\\\/schema.org\",\"@graph\":[{\"@type\":\"BreadcrumbList\",\"@id\":\"https:\\\/\\\/rolfolsson.se\\\/sv\\\/start\\\/portfolio\\\/portfolio-arenastart-communities\\\/#breadcrumblist\",\"itemListElement\":[{\"@type\":\"ListItem\",\"@id\":\"https:\\\/\\\/rolfolsson.se\\\/sv#listItem\",\"position\":2,\"name\":\"Start\",\"item\":\"https:\\\/\\\/rolfolsson.se\\\/sv\",\"nextItem\":{\"@type\":\"ListItem\",\"@id\":\"https:\\\/\\\/rolfolsson.se\\\/sv\\\/start\\\/portfolio\\\/#listItem\",\"name\":\"Portfolio\"},\"previousItem\":{\"@type\":\"ListItem\",\"@id\":\"#listItem\",\"name\":\"Language\"}},{\"@type\":\"ListItem\",\"@id\":\"https:\\\/\\\/rolfolsson.se\\\/sv\\\/start\\\/portfolio\\\/#listItem\",\"position\":3,\"name\":\"Portfolio\",\"item\":\"https:\\\/\\\/rolfolsson.se\\\/sv\\\/start\\\/portfolio\\\/\",\"nextItem\":{\"@type\":\"ListItem\",\"@id\":\"https:\\\/\\\/rolfolsson.se\\\/sv\\\/start\\\/portfolio\\\/portfolio-arenastart-communities\\\/#listItem\",\"name\":\"Portfolio ArenaStart Communities\"},\"previousItem\":{\"@type\":\"ListItem\",\"@id\":\"https:\\\/\\\/rolfolsson.se\\\/sv#listItem\",\"name\":\"Start\"}},{\"@type\":\"ListItem\",\"@id\":\"https:\\\/\\\/rolfolsson.se\\\/sv\\\/start\\\/portfolio\\\/portfolio-arenastart-communities\\\/#listItem\",\"position\":4,\"name\":\"Portfolio ArenaStart Communities\",\"previousItem\":{\"@type\":\"ListItem\",\"@id\":\"https:\\\/\\\/rolfolsson.se\\\/sv\\\/start\\\/portfolio\\\/#listItem\",\"name\":\"Portfolio\"}}]},{\"@type\":\"Organization\",\"@id\":\"https:\\\/\\\/rolfolsson.se\\\/sv\\\/#organization\",\"name\":\"Tillv\\u00e4xtcoach, enterprisearkitekt och f\\u00f6r\\u00e4ndringsledare\",\"description\":\"\\\"Rolf strukturerar upp det om\\u00f6jliga s\\u00e5 det blir fullt m\\u00f6jligt\\\"\",\"url\":\"https:\\\/\\\/rolfolsson.se\\\/sv\\\/\",\"email\":\"info@rolfolsson.se\",\"telephone\":\"+46859252200\",\"foundingDate\":\"2010-06-09\",\"numberOfEmployees\":{\"@type\":\"QuantitativeValue\",\"value\":2},\"logo\":{\"@type\":\"ImageObject\",\"url\":\"https:\\\/\\\/rolfolsson.se\\\/wp-content\\\/uploads\\\/2025\\\/08\\\/RolfOlsson_logga2.png\",\"@id\":\"https:\\\/\\\/rolfolsson.se\\\/sv\\\/start\\\/portfolio\\\/portfolio-arenastart-communities\\\/#organizationLogo\",\"width\":235,\"height\":178,\"caption\":\"Rolf Olsson logotype\"},\"image\":{\"@id\":\"https:\\\/\\\/rolfolsson.se\\\/sv\\\/start\\\/portfolio\\\/portfolio-arenastart-communities\\\/#organizationLogo\"},\"sameAs\":[\"https:\\\/\\\/se.linkedin.com\\\/in\\\/olssonrolf\\\/sv\"],\"address\":{\"@id\":\"https:\\\/\\\/rolfolsson.se\\\/sv\\\/#postaladdress\",\"@type\":\"PostalAddress\",\"streetAddress\":\"V\\u00e4stra J\\u00e4rnv\\u00e4gsgatan 3, 9tr,\",\"postalCode\":\"11164\",\"addressLocality\":\"Stockholm\",\"addressRegion\":\"Stockholm\",\"addressCountry\":\"SE\"}},{\"@type\":\"WebPage\",\"@id\":\"https:\\\/\\\/rolfolsson.se\\\/sv\\\/start\\\/portfolio\\\/portfolio-arenastart-communities\\\/#webpage\",\"url\":\"https:\\\/\\\/rolfolsson.se\\\/sv\\\/start\\\/portfolio\\\/portfolio-arenastart-communities\\\/\",\"name\":\"\\u00d6versikt ArenaStart virtuella n\\u00e4tverk f\\u00f6r dig som \\u00e4r proffs\",\"description\":\"ArenaStart driver ett antal virtuella n\\u00e4tverk f\\u00f6r proffs inom verksamhetsutveckling. Sidan visar en \\u00f6versikt \\u00f6ver Arenastarts communities.\",\"inLanguage\":\"sv-SE\",\"isPartOf\":{\"@id\":\"https:\\\/\\\/rolfolsson.se\\\/sv\\\/#website\"},\"breadcrumb\":{\"@id\":\"https:\\\/\\\/rolfolsson.se\\\/sv\\\/start\\\/portfolio\\\/portfolio-arenastart-communities\\\/#breadcrumblist\"},\"datePublished\":\"2025-09-04T10:38:53+02:00\",\"dateModified\":\"2025-09-22T15:12:27+02:00\"},{\"@type\":\"WebSite\",\"@id\":\"https:\\\/\\\/rolfolsson.se\\\/sv\\\/#website\",\"url\":\"https:\\\/\\\/rolfolsson.se\\\/sv\\\/\",\"name\":\"Tillv\\u00e4xtcoach, enterprisearkitekt och f\\u00f6r\\u00e4ndringsledare\",\"description\":\"\\\"Rolf strukturerar upp det om\\u00f6jliga s\\u00e5 det blir fullt m\\u00f6jligt\\\"\",\"inLanguage\":\"sv-SE\",\"publisher\":{\"@id\":\"https:\\\/\\\/rolfolsson.se\\\/sv\\\/#organization\"}}]}\n\t\t<\/script>\n\t\t<!-- All in One SEO Pro -->\r\n\t\t<title>\u00d6versikt ArenaStart virtuella n\u00e4tverk f\u00f6r dig som \u00e4r proffs<\/title>\n\n","aioseo_head_json":{"title":"\u00d6versikt ArenaStart virtuella n\u00e4tverk f\u00f6r dig som \u00e4r proffs","description":"ArenaStart driver ett antal virtuella n\u00e4tverk f\u00f6r proffs inom verksamhetsutveckling. Sidan visar en \u00f6versikt \u00f6ver Arenastarts communities.","canonical_url":"https:\/\/rolfolsson.se\/sv\/start\/portfolio\/portfolio-arenastart-communities\/","robots":"max-image-preview:large","keywords":"","webmasterTools":{"msvalidate.01":"bced44922b5141bbb246f3fdb3f9dff8","miscellaneous":""},"schema":{"@context":"https:\/\/schema.org","@graph":[{"@type":"BreadcrumbList","@id":"https:\/\/rolfolsson.se\/sv\/start\/portfolio\/portfolio-arenastart-communities\/#breadcrumblist","itemListElement":[{"@type":"ListItem","@id":"https:\/\/rolfolsson.se\/sv#listItem","position":2,"name":"Start","item":"https:\/\/rolfolsson.se\/sv","nextItem":{"@type":"ListItem","@id":"https:\/\/rolfolsson.se\/sv\/start\/portfolio\/#listItem","name":"Portfolio"},"previousItem":{"@type":"ListItem","@id":"#listItem","name":"Language"}},{"@type":"ListItem","@id":"https:\/\/rolfolsson.se\/sv\/start\/portfolio\/#listItem","position":3,"name":"Portfolio","item":"https:\/\/rolfolsson.se\/sv\/start\/portfolio\/","nextItem":{"@type":"ListItem","@id":"https:\/\/rolfolsson.se\/sv\/start\/portfolio\/portfolio-arenastart-communities\/#listItem","name":"Portfolio ArenaStart Communities"},"previousItem":{"@type":"ListItem","@id":"https:\/\/rolfolsson.se\/sv#listItem","name":"Start"}},{"@type":"ListItem","@id":"https:\/\/rolfolsson.se\/sv\/start\/portfolio\/portfolio-arenastart-communities\/#listItem","position":4,"name":"Portfolio ArenaStart Communities","previousItem":{"@type":"ListItem","@id":"https:\/\/rolfolsson.se\/sv\/start\/portfolio\/#listItem","name":"Portfolio"}}]},{"@type":"Organization","@id":"https:\/\/rolfolsson.se\/sv\/#organization","name":"Tillv\u00e4xtcoach, enterprisearkitekt och f\u00f6r\u00e4ndringsledare","description":"\"Rolf strukturerar upp det om\u00f6jliga s\u00e5 det blir fullt m\u00f6jligt\"","url":"https:\/\/rolfolsson.se\/sv\/","email":"info@rolfolsson.se","telephone":"+46859252200","foundingDate":"2010-06-09","numberOfEmployees":{"@type":"QuantitativeValue","value":2},"logo":{"@type":"ImageObject","url":"https:\/\/rolfolsson.se\/wp-content\/uploads\/2025\/08\/RolfOlsson_logga2.png","@id":"https:\/\/rolfolsson.se\/sv\/start\/portfolio\/portfolio-arenastart-communities\/#organizationLogo","width":235,"height":178,"caption":"Rolf Olsson logotype"},"image":{"@id":"https:\/\/rolfolsson.se\/sv\/start\/portfolio\/portfolio-arenastart-communities\/#organizationLogo"},"sameAs":["https:\/\/se.linkedin.com\/in\/olssonrolf\/sv"],"address":{"@id":"https:\/\/rolfolsson.se\/sv\/#postaladdress","@type":"PostalAddress","streetAddress":"V\u00e4stra J\u00e4rnv\u00e4gsgatan 3, 9tr,","postalCode":"11164","addressLocality":"Stockholm","addressRegion":"Stockholm","addressCountry":"SE"}},{"@type":"WebPage","@id":"https:\/\/rolfolsson.se\/sv\/start\/portfolio\/portfolio-arenastart-communities\/#webpage","url":"https:\/\/rolfolsson.se\/sv\/start\/portfolio\/portfolio-arenastart-communities\/","name":"\u00d6versikt ArenaStart virtuella n\u00e4tverk f\u00f6r dig som \u00e4r proffs","description":"ArenaStart driver ett antal virtuella n\u00e4tverk f\u00f6r proffs inom verksamhetsutveckling. Sidan visar en \u00f6versikt \u00f6ver Arenastarts communities.","inLanguage":"sv-SE","isPartOf":{"@id":"https:\/\/rolfolsson.se\/sv\/#website"},"breadcrumb":{"@id":"https:\/\/rolfolsson.se\/sv\/start\/portfolio\/portfolio-arenastart-communities\/#breadcrumblist"},"datePublished":"2025-09-04T10:38:53+02:00","dateModified":"2025-09-22T15:12:27+02:00"},{"@type":"WebSite","@id":"https:\/\/rolfolsson.se\/sv\/#website","url":"https:\/\/rolfolsson.se\/sv\/","name":"Tillv\u00e4xtcoach, enterprisearkitekt och f\u00f6r\u00e4ndringsledare","description":"\"Rolf strukturerar upp det om\u00f6jliga s\u00e5 det blir fullt m\u00f6jligt\"","inLanguage":"sv-SE","publisher":{"@id":"https:\/\/rolfolsson.se\/sv\/#organization"}}]},"og:locale":"sv_SE","og:site_name":"Tillv\u00e4xtcoach, enterprisearkitekt och f\u00f6r\u00e4ndringsledare | &quot;Rolf strukturerar upp det om\u00f6jliga s\u00e5 det blir fullt m\u00f6jligt&quot;","og:type":"article","og:title":"\u00d6versikt ArenaStart virtuella n\u00e4tverk f\u00f6r dig som \u00e4r proffs","og:description":"ArenaStart driver ett antal virtuella n\u00e4tverk f\u00f6r proffs inom verksamhetsutveckling. Sidan visar en \u00f6versikt \u00f6ver Arenastarts communities.","og:url":"https:\/\/rolfolsson.se\/sv\/start\/portfolio\/portfolio-arenastart-communities\/","article:published_time":"2025-09-04T08:38:53+00:00","article:modified_time":"2025-09-22T13:12:27+00:00","twitter:card":"summary_large_image","twitter:title":"\u00d6versikt ArenaStart virtuella n\u00e4tverk f\u00f6r dig som \u00e4r proffs","twitter:description":"ArenaStart driver ett antal virtuella n\u00e4tverk f\u00f6r proffs inom verksamhetsutveckling. Sidan visar en \u00f6versikt \u00f6ver Arenastarts communities."},"aioseo_meta_data":{"post_id":"322","title":"\u00d6versikt ArenaStart virtuella n\u00e4tverk f\u00f6r dig som \u00e4r proffs","description":"ArenaStart driver ett antal virtuella n\u00e4tverk f\u00f6r proffs inom verksamhetsutveckling. Sidan visar en \u00f6versikt \u00f6ver Arenastarts communities.","keywords":null,"keyphrases":{"focus":{"keyphrase":"","score":0,"analysis":{"keyphraseInTitle":{"score":0,"maxScore":9,"error":1}}},"additional":[]},"primary_term":null,"canonical_url":null,"og_title":null,"og_description":null,"og_object_type":"default","og_image_type":"content","og_image_url":"","og_image_width":"0","og_image_height":"0","og_image_custom_url":null,"og_image_custom_fields":null,"og_video":"","og_custom_url":null,"og_article_section":null,"og_article_tags":null,"twitter_use_og":false,"twitter_card":"default","twitter_image_type":"default","twitter_image_url":null,"twitter_image_custom_url":null,"twitter_image_custom_fields":null,"twitter_title":null,"twitter_description":null,"schema":{"blockGraphs":[],"customGraphs":[],"default":{"data":{"Article":[],"Course":[],"Dataset":[],"FAQPage":[],"Movie":[],"Person":[],"Product":[],"ProductReview":[],"Car":[],"Recipe":[],"Service":[],"SoftwareApplication":[],"WebPage":[]},"graphName":"WebPage","isEnabled":true},"graphs":[]},"schema_type":"default","schema_type_options":null,"pillar_content":false,"robots_default":true,"robots_noindex":false,"robots_noarchive":false,"robots_nosnippet":false,"robots_nofollow":false,"robots_noimageindex":false,"robots_noodp":false,"robots_notranslate":false,"robots_max_snippet":"-1","robots_max_videopreview":"-1","robots_max_imagepreview":"large","priority":null,"frequency":"default","local_seo":null,"seo_analyzer_scan_date":"2025-09-22 13:15:46","breadcrumb_settings":null,"limit_modified_date":false,"reviewed_by":"0","open_ai":null,"ai":{"faqs":[],"keyPoints":[],"titles":[],"descriptions":[],"socialPosts":{"email":[],"linkedin":[],"twitter":[],"facebook":[],"instagram":[]}},"created":"2025-09-04 08:35:40","updated":"2025-10-21 21:05:11"},"aioseo_breadcrumb":"<div class=\"aioseo-breadcrumbs\"><span class=\"aioseo-breadcrumb\">\n\tLanguage\n<\/span><span class=\"aioseo-breadcrumb-separator\">\u2192<\/span><span class=\"aioseo-breadcrumb\">\n\t<a href=\"https:\/\/rolfolsson.se\/sv\" title=\"Start\">Start<\/a>\n<\/span><span class=\"aioseo-breadcrumb-separator\">\u2192<\/span><span class=\"aioseo-breadcrumb\">\n\t<a href=\"https:\/\/rolfolsson.se\/sv\/start\/portfolio\/\" title=\"Portfolio\">Portfolio<\/a>\n<\/span><span class=\"aioseo-breadcrumb-separator\">\u2192<\/span><span class=\"aioseo-breadcrumb\">\n\t<a href=\"https:\/\/rolfolsson.se\/sv\/start\/portfolio\/portfolio-arenastart-communities\/\" title=\"Portfolio ArenaStart Communities\">Portfolio ArenaStart Communities<\/a>\n<\/span><\/div>","aioseo_breadcrumb_json":[{"label":"Language","link":""},{"label":"Start","link":"https:\/\/rolfolsson.se\/sv"},{"label":"Portfolio","link":"https:\/\/rolfolsson.se\/sv\/start\/portfolio\/"},{"label":"Portfolio ArenaStart Communities","link":"https:\/\/rolfolsson.se\/sv\/start\/portfolio\/portfolio-arenastart-communities\/"}],"_links":{"self":[{"href":"https:\/\/rolfolsson.se\/sv\/wp-json\/wp\/v2\/pages\/322","targetHints":{"allow":["GET"]}}],"collection":[{"href":"https:\/\/rolfolsson.se\/sv\/wp-json\/wp\/v2\/pages"}],"about":[{"href":"https:\/\/rolfolsson.se\/sv\/wp-json\/wp\/v2\/types\/page"}],"author":[{"embeddable":true,"href":"https:\/\/rolfolsson.se\/sv\/wp-json\/wp\/v2\/users\/2"}],"replies":[{"embeddable":true,"href":"https:\/\/rolfolsson.se\/sv\/wp-json\/wp\/v2\/comments?post=322"}],"version-history":[{"count":12,"href":"https:\/\/rolfolsson.se\/sv\/wp-json\/wp\/v2\/pages\/322\/revisions"}],"predecessor-version":[{"id":435,"href":"https:\/\/rolfolsson.se\/sv\/wp-json\/wp\/v2\/pages\/322\/revisions\/435"}],"up":[{"embeddable":true,"href":"https:\/\/rolfolsson.se\/sv\/wp-json\/wp\/v2\/pages\/368"}],"wp:attachment":[{"href":"https:\/\/rolfolsson.se\/sv\/wp-json\/wp\/v2\/media?parent=322"}],"curies":[{"name":"wp","href":"https:\/\/api.w.org\/{rel}","templated":true}]}}