{"id":360,"date":"2025-09-04T14:41:17","date_gmt":"2025-09-04T12:41:17","guid":{"rendered":"https:\/\/rolfolsson.se\/?page_id=360"},"modified":"2025-10-16T12:49:00","modified_gmt":"2025-10-16T10:49:00","slug":"portfolio-digital-arkitektur","status":"publish","type":"page","link":"https:\/\/rolfolsson.se\/sv\/start\/portfolio\/portfolio-digital-arkitektur\/","title":{"rendered":"Portfolio Digital arkitektur"},"content":{"rendered":"\n<h2 class=\"wp-block-heading has-text-align-center\" style=\"border-style:none;border-width:0px;margin-top:0;margin-right:0;margin-bottom:0;margin-left:0;font-size:clamp(1.301rem, 1.301rem + ((1vw - 0.2rem) * 0.799), 2.1rem);\">Portfolio \u00f6ver Digital arkitektur<\/h2>\n\n\n\n<p class=\"has-text-align-center\" style=\"margin-top:16px\">Bes\u00f6k g\u00e4rna n\u00e5gon av digitaliseringssidor<\/p>\n\n\n\n<div class=\"wp-block-group alignfull has-background is-layout-grid wp-container-core-group-is-layout-a61e95bd wp-block-group-is-layout-grid\" style=\"background-color:#cbd3a8;margin-top:0px;margin-bottom:0px;padding-top:0;padding-right:0;padding-bottom:0;padding-left:0\">\n<div class=\"wp-block-group has-tertiary-background-color has-background wp-container-content-e4b5e493 is-vertical is-content-justification-center is-layout-flex wp-container-core-group-is-layout-ed1016bf wp-block-group-is-layout-flex\" style=\"margin-top:0;margin-bottom:0;padding-top:0;padding-bottom:0\">\n<img decoding=\"async\" src=\"\/\/image.thum.io\/get\/width\/300\/crop\/2000\/https:\/\/dandelin.se\/\" \/\n\n\n\n<div class=\"wp-block-buttons is-layout-flex wp-block-buttons-is-layout-flex\">\n<div class=\"wp-block-button is-style-fill\"><a class=\"wp-block-button__link wp-element-button\" href=\"https:\/\/dandelin.se\" style=\"border-radius:100px;padding-top:var(--wp--preset--spacing--20);padding-right:var(--wp--preset--spacing--20);padding-bottom:var(--wp--preset--spacing--20);padding-left:var(--wp--preset--spacing--20)\" target=\"_blank\" rel=\"noreferrer noopener\">G\u00e5 till Dandelin.se<\/a><\/div>\n<\/div>\n<\/div>\n\n\n\n<div class=\"wp-block-group has-background wp-container-content-e4b5e493 is-vertical is-content-justification-center is-layout-flex wp-container-core-group-is-layout-ed1016bf wp-block-group-is-layout-flex\" style=\"background-color:#e7ecd4;margin-top:0;margin-bottom:0;padding-top:0;padding-bottom:0\">\n<img decoding=\"async\" src=\"\/\/image.thum.io\/get\/width\/300\/crop\/2000\/maxage\/1\/https:\/\/www.digitaliseringskompetens.se\n\/\" \/\n\n\n\n<div class=\"wp-block-buttons is-layout-flex wp-block-buttons-is-layout-flex\">\n<div class=\"wp-block-button is-style-fill\"><a class=\"wp-block-button__link wp-element-button\" href=\"https:\/\/digitaliseringskompetens.se\" style=\"border-radius:100px;padding-top:var(--wp--preset--spacing--20);padding-right:var(--wp--preset--spacing--20);padding-bottom:var(--wp--preset--spacing--20);padding-left:var(--wp--preset--spacing--20)\">G\u00e5 till Digitaliseringskompetens.se<\/a><\/div>\n<\/div>\n<\/div>\n\n\n\n<div class=\"wp-block-group has-tertiary-background-color has-background is-vertical is-content-justification-center is-layout-flex wp-container-core-group-is-layout-ed1016bf wp-block-group-is-layout-flex\" style=\"margin-top:0;margin-bottom:0;padding-top:0;padding-bottom:0\">\n<img decoding=\"async\" src=\"\/\/image.thum.io\/get\/width\/300\/crop\/2000\/https:\/\/www.digitalarkitektur.se\n\/\" \/\n\n\n\n<div class=\"wp-block-buttons is-layout-flex wp-block-buttons-is-layout-flex\">\n<div class=\"wp-block-button is-style-fill\"><a class=\"wp-block-button__link wp-element-button\" href=\"https:\/\/digitalarkitektur.se\" style=\"border-radius:100px;padding-top:var(--wp--preset--spacing--20);padding-right:var(--wp--preset--spacing--20);padding-bottom:var(--wp--preset--spacing--20);padding-left:var(--wp--preset--spacing--20)\" target=\"_blank\" rel=\"noreferrer noopener\">G\u00e5 till Digital Arkitektur.se<\/a><\/div>\n<\/div>\n<\/div>\n\n\n\n<div class=\"wp-block-group has-background wp-container-content-e4b5e493 is-vertical is-content-justification-center is-layout-flex wp-container-core-group-is-layout-ed1016bf wp-block-group-is-layout-flex\" style=\"background-color:#e7ecd4;margin-top:0;margin-bottom:0;padding-top:0;padding-bottom:0\">\n<img decoding=\"async\" src=\"\/\/image.thum.io\/get\/width\/300\/crop\/2000\/https:\/\/digitalpal.se\n\" \/\n\n\n\n<div class=\"wp-block-buttons is-layout-flex wp-block-buttons-is-layout-flex\">\n<div class=\"wp-block-button is-style-fill\"><a class=\"wp-block-button__link wp-element-button\" href=\"https:\/\/digitalpal.se\" style=\"border-radius:100px;padding-top:var(--wp--preset--spacing--20);padding-right:var(--wp--preset--spacing--20);padding-bottom:var(--wp--preset--spacing--20);padding-left:var(--wp--preset--spacing--20)\" target=\"_blank\" rel=\"noreferrer noopener\">G\u00e5 till Digital Pal.se<\/a><\/div>\n<\/div>\n<\/div>\n\n\n\n<div class=\"wp-block-group has-tertiary-background-color has-background is-vertical is-content-justification-center is-layout-flex wp-container-core-group-is-layout-ed1016bf wp-block-group-is-layout-flex\" style=\"margin-top:0;margin-bottom:0;padding-top:0;padding-bottom:0\">\n<img decoding=\"async\" src=\"\/\/image.thum.io\/get\/width\/300\/crop\/2000\/https:\/\/projektkontoret.se\/\" \/\n\n\n\n<div class=\"wp-block-buttons is-layout-flex wp-block-buttons-is-layout-flex\">\n<div class=\"wp-block-button is-style-fill\"><a class=\"wp-block-button__link wp-element-button\" href=\"https:\/\/projektkontoret.se\" style=\"border-radius:100px;padding-top:var(--wp--preset--spacing--20);padding-right:var(--wp--preset--spacing--20);padding-bottom:var(--wp--preset--spacing--20);padding-left:var(--wp--preset--spacing--20)\" target=\"_blank\" rel=\"noreferrer noopener\">G\u00e5 till Projektkontoret.se<\/a><\/div>\n<\/div>\n<\/div>\n\n\n\n<div class=\"wp-block-group has-background is-vertical is-content-justification-center is-layout-flex wp-container-core-group-is-layout-ed1016bf wp-block-group-is-layout-flex\" style=\"background-color:#e7ecd4;margin-top:0;margin-bottom:0;padding-top:0;padding-bottom:0\">\n<p><\/p>\n\n\n\n<img decoding=\"async\" src=\"\/\/image.thum.io\/get\/width\/300\/crop\/2000\/https:\/\/ilots.se\/\" \/\n\n\n\n<div class=\"wp-block-buttons is-layout-flex wp-block-buttons-is-layout-flex\">\n<div class=\"wp-block-button is-style-fill\"><a class=\"wp-block-button__link wp-element-button\" href=\"https:\/\/ilots.se\" style=\"border-radius:100px;padding-top:var(--wp--preset--spacing--20);padding-right:var(--wp--preset--spacing--20);padding-bottom:var(--wp--preset--spacing--20);padding-left:var(--wp--preset--spacing--20)\" target=\"_blank\" rel=\"noreferrer noopener\">G\u00e5 till iLots.se<\/a><\/div>\n<\/div>\n<\/div>\n\n\n\n<div class=\"wp-block-group has-tertiary-background-color has-background is-vertical is-content-justification-center is-layout-flex wp-container-core-group-is-layout-ed1016bf wp-block-group-is-layout-flex\" style=\"margin-top:0;margin-bottom:0;padding-top:0;padding-bottom:0\">\n<p><\/p>\n\n\n\n<img decoding=\"async\" src=\"\/\/image.thum.io\/get\/width\/300\/crop\/2000\/https:\/\/aff\u00e4rsnyttan.se\/\" \/\n\n\n\n<div class=\"wp-block-buttons is-layout-flex wp-block-buttons-is-layout-flex\">\n<div class=\"wp-block-button is-style-fill\"><a class=\"wp-block-button__link wp-element-button\" href=\"https:\/\/aff\u00e4rsnyttan.se\" style=\"border-radius:100px;padding-top:var(--wp--preset--spacing--20);padding-right:var(--wp--preset--spacing--20);padding-bottom:var(--wp--preset--spacing--20);padding-left:var(--wp--preset--spacing--20)\" target=\"_blank\" rel=\"noreferrer noopener\">G\u00e5 till Aff\u00e4rsnyttan.se<\/a><\/div>\n<\/div>\n<\/div>\n\n\n\n<div class=\"wp-block-group has-background is-vertical is-content-justification-center is-layout-flex wp-container-core-group-is-layout-ed1016bf wp-block-group-is-layout-flex\" style=\"background-color:#e7ecd4;margin-top:0;margin-bottom:0;padding-top:0;padding-bottom:0\">\n<p><\/p>\n\n\n\n<img decoding=\"async\" src=\"\/\/image.thum.io\/get\/width\/300\/crop\/2000\/https:\/\/bpmkonsult.se\/\" \/\n\n\n\n<div class=\"wp-block-buttons is-layout-flex wp-block-buttons-is-layout-flex\">\n<div class=\"wp-block-button is-style-fill\"><a class=\"wp-block-button__link wp-element-button\" href=\"https:\/\/bpmkonsult.se\" style=\"border-radius:100px;padding-top:var(--wp--preset--spacing--20);padding-right:var(--wp--preset--spacing--20);padding-bottom:var(--wp--preset--spacing--20);padding-left:var(--wp--preset--spacing--20)\" target=\"_blank\" rel=\"noreferrer noopener\">G\u00e5 till BPM Konsult.se<\/a><\/div>\n<\/div>\n<\/div>\n<\/div>\n","protected":false},"excerpt":{"rendered":"<p>Portfolio \u00f6ver Digital arkitektur Bes\u00f6k g\u00e4rna n\u00e5gon av digitaliseringssidor<\/p>\n","protected":false},"author":2,"featured_media":0,"parent":368,"menu_order":0,"comment_status":"closed","ping_status":"closed","template":"","meta":{"om_disable_all_campaigns":false,"_monsterinsights_skip_tracking":false,"_monsterinsights_sitenote_active":false,"_monsterinsights_sitenote_note":"","_monsterinsights_sitenote_category":0,"footnotes":""},"class_list":["post-360","page","type-page","status-publish","hentry"],"aioseo_notices":[],"aioseo_head":"\n\t\t<!-- All in One SEO Pro 4.9.6.2 - aioseo.com -->\n\t<meta name=\"description\" content=\"Sidan ger en \u00f6verblick \u00f6ver hemsidor som tillhandah\u00e5ller produkter och tj\u00e4nster kopplade till omr\u00e5det f\u00f6r digitalisering och artificiell intelligens.\" \/>\n\t<meta name=\"robots\" content=\"max-image-preview:large\" \/>\n\t<meta name=\"msvalidate.01\" content=\"bced44922b5141bbb246f3fdb3f9dff8\" \/>\n\t<link rel=\"canonical\" href=\"https:\/\/rolfolsson.se\/sv\/start\/portfolio\/portfolio-digital-arkitektur\/\" \/>\n\t<meta name=\"generator\" content=\"All in One SEO Pro (AIOSEO) 4.9.6.2\" \/>\n\t\t<meta property=\"og:locale\" content=\"sv_SE\" \/>\n\t\t<meta property=\"og:site_name\" content=\"Tillv\u00e4xtcoach, enterprisearkitekt och f\u00f6r\u00e4ndringsledare | &quot;Rolf strukturerar upp det om\u00f6jliga s\u00e5 det blir fullt m\u00f6jligt&quot;\" \/>\n\t\t<meta property=\"og:type\" content=\"article\" \/>\n\t\t<meta property=\"og:title\" content=\"\u00d6versikt av hemsidor f\u00f6r dig som skall digitalisera din verksamhet\" \/>\n\t\t<meta property=\"og:description\" content=\"Sidan ger en \u00f6verblick \u00f6ver hemsidor som tillhandah\u00e5ller produkter och tj\u00e4nster kopplade till omr\u00e5det f\u00f6r digitalisering och artificiell intelligens.\" \/>\n\t\t<meta property=\"og:url\" content=\"https:\/\/rolfolsson.se\/sv\/start\/portfolio\/portfolio-digital-arkitektur\/\" \/>\n\t\t<meta property=\"article:published_time\" content=\"2025-09-04T12:41:17+00:00\" \/>\n\t\t<meta property=\"article:modified_time\" content=\"2025-10-16T10:49:00+00:00\" \/>\n\t\t<meta name=\"twitter:card\" content=\"summary_large_image\" \/>\n\t\t<meta name=\"twitter:title\" content=\"\u00d6versikt av hemsidor f\u00f6r dig som skall digitalisera din verksamhet\" \/>\n\t\t<meta name=\"twitter:description\" content=\"Sidan ger en \u00f6verblick \u00f6ver hemsidor som tillhandah\u00e5ller produkter och tj\u00e4nster kopplade till omr\u00e5det f\u00f6r digitalisering och artificiell intelligens.\" \/>\n\t\t<script type=\"application\/ld+json\" class=\"aioseo-schema\">\n\t\t\t{\"@context\":\"https:\\\/\\\/schema.org\",\"@graph\":[{\"@type\":\"BreadcrumbList\",\"@id\":\"https:\\\/\\\/rolfolsson.se\\\/sv\\\/start\\\/portfolio\\\/portfolio-digital-arkitektur\\\/#breadcrumblist\",\"itemListElement\":[{\"@type\":\"ListItem\",\"@id\":\"https:\\\/\\\/rolfolsson.se\\\/sv#listItem\",\"position\":2,\"name\":\"Start\",\"item\":\"https:\\\/\\\/rolfolsson.se\\\/sv\",\"nextItem\":{\"@type\":\"ListItem\",\"@id\":\"https:\\\/\\\/rolfolsson.se\\\/sv\\\/start\\\/portfolio\\\/#listItem\",\"name\":\"Portfolio\"},\"previousItem\":{\"@type\":\"ListItem\",\"@id\":\"#listItem\",\"name\":\"Language\"}},{\"@type\":\"ListItem\",\"@id\":\"https:\\\/\\\/rolfolsson.se\\\/sv\\\/start\\\/portfolio\\\/#listItem\",\"position\":3,\"name\":\"Portfolio\",\"item\":\"https:\\\/\\\/rolfolsson.se\\\/sv\\\/start\\\/portfolio\\\/\",\"nextItem\":{\"@type\":\"ListItem\",\"@id\":\"https:\\\/\\\/rolfolsson.se\\\/sv\\\/start\\\/portfolio\\\/portfolio-digital-arkitektur\\\/#listItem\",\"name\":\"Portfolio Digital arkitektur\"},\"previousItem\":{\"@type\":\"ListItem\",\"@id\":\"https:\\\/\\\/rolfolsson.se\\\/sv#listItem\",\"name\":\"Start\"}},{\"@type\":\"ListItem\",\"@id\":\"https:\\\/\\\/rolfolsson.se\\\/sv\\\/start\\\/portfolio\\\/portfolio-digital-arkitektur\\\/#listItem\",\"position\":4,\"name\":\"Portfolio Digital arkitektur\",\"previousItem\":{\"@type\":\"ListItem\",\"@id\":\"https:\\\/\\\/rolfolsson.se\\\/sv\\\/start\\\/portfolio\\\/#listItem\",\"name\":\"Portfolio\"}}]},{\"@type\":\"Organization\",\"@id\":\"https:\\\/\\\/rolfolsson.se\\\/sv\\\/#organization\",\"name\":\"Tillv\\u00e4xtcoach, enterprisearkitekt och f\\u00f6r\\u00e4ndringsledare\",\"description\":\"\\\"Rolf strukturerar upp det om\\u00f6jliga s\\u00e5 det blir fullt m\\u00f6jligt\\\"\",\"url\":\"https:\\\/\\\/rolfolsson.se\\\/sv\\\/\",\"email\":\"info@rolfolsson.se\",\"telephone\":\"+46859252200\",\"foundingDate\":\"2010-06-09\",\"numberOfEmployees\":{\"@type\":\"QuantitativeValue\",\"value\":2},\"logo\":{\"@type\":\"ImageObject\",\"url\":\"https:\\\/\\\/rolfolsson.se\\\/wp-content\\\/uploads\\\/2025\\\/08\\\/RolfOlsson_logga2.png\",\"@id\":\"https:\\\/\\\/rolfolsson.se\\\/sv\\\/start\\\/portfolio\\\/portfolio-digital-arkitektur\\\/#organizationLogo\",\"width\":235,\"height\":178,\"caption\":\"Rolf Olsson logotype\"},\"image\":{\"@id\":\"https:\\\/\\\/rolfolsson.se\\\/sv\\\/start\\\/portfolio\\\/portfolio-digital-arkitektur\\\/#organizationLogo\"},\"sameAs\":[\"https:\\\/\\\/se.linkedin.com\\\/in\\\/olssonrolf\\\/sv\"],\"address\":{\"@id\":\"https:\\\/\\\/rolfolsson.se\\\/sv\\\/#postaladdress\",\"@type\":\"PostalAddress\",\"streetAddress\":\"V\\u00e4stra J\\u00e4rnv\\u00e4gsgatan 3, 9tr,\",\"postalCode\":\"11164\",\"addressLocality\":\"Stockholm\",\"addressRegion\":\"Stockholm\",\"addressCountry\":\"SE\"}},{\"@type\":\"WebPage\",\"@id\":\"https:\\\/\\\/rolfolsson.se\\\/sv\\\/start\\\/portfolio\\\/portfolio-digital-arkitektur\\\/#webpage\",\"url\":\"https:\\\/\\\/rolfolsson.se\\\/sv\\\/start\\\/portfolio\\\/portfolio-digital-arkitektur\\\/\",\"name\":\"\\u00d6versikt av hemsidor f\\u00f6r dig som skall digitalisera din verksamhet\",\"description\":\"Sidan ger en \\u00f6verblick \\u00f6ver hemsidor som tillhandah\\u00e5ller produkter och tj\\u00e4nster kopplade till omr\\u00e5det f\\u00f6r digitalisering och artificiell intelligens.\",\"inLanguage\":\"sv-SE\",\"isPartOf\":{\"@id\":\"https:\\\/\\\/rolfolsson.se\\\/sv\\\/#website\"},\"breadcrumb\":{\"@id\":\"https:\\\/\\\/rolfolsson.se\\\/sv\\\/start\\\/portfolio\\\/portfolio-digital-arkitektur\\\/#breadcrumblist\"},\"datePublished\":\"2025-09-04T14:41:17+02:00\",\"dateModified\":\"2025-10-16T12:49:00+02:00\"},{\"@type\":\"WebSite\",\"@id\":\"https:\\\/\\\/rolfolsson.se\\\/sv\\\/#website\",\"url\":\"https:\\\/\\\/rolfolsson.se\\\/sv\\\/\",\"name\":\"Tillv\\u00e4xtcoach, enterprisearkitekt och f\\u00f6r\\u00e4ndringsledare\",\"description\":\"\\\"Rolf strukturerar upp det om\\u00f6jliga s\\u00e5 det blir fullt m\\u00f6jligt\\\"\",\"inLanguage\":\"sv-SE\",\"publisher\":{\"@id\":\"https:\\\/\\\/rolfolsson.se\\\/sv\\\/#organization\"}}]}\n\t\t<\/script>\n\t\t<!-- All in One SEO Pro -->\r\n\t\t<title>\u00d6versikt av hemsidor f\u00f6r dig som skall digitalisera din verksamhet<\/title>\n\n","aioseo_head_json":{"title":"\u00d6versikt av hemsidor f\u00f6r dig som skall digitalisera din verksamhet","description":"Sidan ger en \u00f6verblick \u00f6ver hemsidor som tillhandah\u00e5ller produkter och tj\u00e4nster kopplade till omr\u00e5det f\u00f6r digitalisering och artificiell intelligens.","canonical_url":"https:\/\/rolfolsson.se\/sv\/start\/portfolio\/portfolio-digital-arkitektur\/","robots":"max-image-preview:large","keywords":"","webmasterTools":{"msvalidate.01":"bced44922b5141bbb246f3fdb3f9dff8","miscellaneous":""},"schema":{"@context":"https:\/\/schema.org","@graph":[{"@type":"BreadcrumbList","@id":"https:\/\/rolfolsson.se\/sv\/start\/portfolio\/portfolio-digital-arkitektur\/#breadcrumblist","itemListElement":[{"@type":"ListItem","@id":"https:\/\/rolfolsson.se\/sv#listItem","position":2,"name":"Start","item":"https:\/\/rolfolsson.se\/sv","nextItem":{"@type":"ListItem","@id":"https:\/\/rolfolsson.se\/sv\/start\/portfolio\/#listItem","name":"Portfolio"},"previousItem":{"@type":"ListItem","@id":"#listItem","name":"Language"}},{"@type":"ListItem","@id":"https:\/\/rolfolsson.se\/sv\/start\/portfolio\/#listItem","position":3,"name":"Portfolio","item":"https:\/\/rolfolsson.se\/sv\/start\/portfolio\/","nextItem":{"@type":"ListItem","@id":"https:\/\/rolfolsson.se\/sv\/start\/portfolio\/portfolio-digital-arkitektur\/#listItem","name":"Portfolio Digital arkitektur"},"previousItem":{"@type":"ListItem","@id":"https:\/\/rolfolsson.se\/sv#listItem","name":"Start"}},{"@type":"ListItem","@id":"https:\/\/rolfolsson.se\/sv\/start\/portfolio\/portfolio-digital-arkitektur\/#listItem","position":4,"name":"Portfolio Digital arkitektur","previousItem":{"@type":"ListItem","@id":"https:\/\/rolfolsson.se\/sv\/start\/portfolio\/#listItem","name":"Portfolio"}}]},{"@type":"Organization","@id":"https:\/\/rolfolsson.se\/sv\/#organization","name":"Tillv\u00e4xtcoach, enterprisearkitekt och f\u00f6r\u00e4ndringsledare","description":"\"Rolf strukturerar upp det om\u00f6jliga s\u00e5 det blir fullt m\u00f6jligt\"","url":"https:\/\/rolfolsson.se\/sv\/","email":"info@rolfolsson.se","telephone":"+46859252200","foundingDate":"2010-06-09","numberOfEmployees":{"@type":"QuantitativeValue","value":2},"logo":{"@type":"ImageObject","url":"https:\/\/rolfolsson.se\/wp-content\/uploads\/2025\/08\/RolfOlsson_logga2.png","@id":"https:\/\/rolfolsson.se\/sv\/start\/portfolio\/portfolio-digital-arkitektur\/#organizationLogo","width":235,"height":178,"caption":"Rolf Olsson logotype"},"image":{"@id":"https:\/\/rolfolsson.se\/sv\/start\/portfolio\/portfolio-digital-arkitektur\/#organizationLogo"},"sameAs":["https:\/\/se.linkedin.com\/in\/olssonrolf\/sv"],"address":{"@id":"https:\/\/rolfolsson.se\/sv\/#postaladdress","@type":"PostalAddress","streetAddress":"V\u00e4stra J\u00e4rnv\u00e4gsgatan 3, 9tr,","postalCode":"11164","addressLocality":"Stockholm","addressRegion":"Stockholm","addressCountry":"SE"}},{"@type":"WebPage","@id":"https:\/\/rolfolsson.se\/sv\/start\/portfolio\/portfolio-digital-arkitektur\/#webpage","url":"https:\/\/rolfolsson.se\/sv\/start\/portfolio\/portfolio-digital-arkitektur\/","name":"\u00d6versikt av hemsidor f\u00f6r dig som skall digitalisera din verksamhet","description":"Sidan ger en \u00f6verblick \u00f6ver hemsidor som tillhandah\u00e5ller produkter och tj\u00e4nster kopplade till omr\u00e5det f\u00f6r digitalisering och artificiell intelligens.","inLanguage":"sv-SE","isPartOf":{"@id":"https:\/\/rolfolsson.se\/sv\/#website"},"breadcrumb":{"@id":"https:\/\/rolfolsson.se\/sv\/start\/portfolio\/portfolio-digital-arkitektur\/#breadcrumblist"},"datePublished":"2025-09-04T14:41:17+02:00","dateModified":"2025-10-16T12:49:00+02:00"},{"@type":"WebSite","@id":"https:\/\/rolfolsson.se\/sv\/#website","url":"https:\/\/rolfolsson.se\/sv\/","name":"Tillv\u00e4xtcoach, enterprisearkitekt och f\u00f6r\u00e4ndringsledare","description":"\"Rolf strukturerar upp det om\u00f6jliga s\u00e5 det blir fullt m\u00f6jligt\"","inLanguage":"sv-SE","publisher":{"@id":"https:\/\/rolfolsson.se\/sv\/#organization"}}]},"og:locale":"sv_SE","og:site_name":"Tillv\u00e4xtcoach, enterprisearkitekt och f\u00f6r\u00e4ndringsledare | &quot;Rolf strukturerar upp det om\u00f6jliga s\u00e5 det blir fullt m\u00f6jligt&quot;","og:type":"article","og:title":"\u00d6versikt av hemsidor f\u00f6r dig som skall digitalisera din verksamhet","og:description":"Sidan ger en \u00f6verblick \u00f6ver hemsidor som tillhandah\u00e5ller produkter och tj\u00e4nster kopplade till omr\u00e5det f\u00f6r digitalisering och artificiell intelligens.","og:url":"https:\/\/rolfolsson.se\/sv\/start\/portfolio\/portfolio-digital-arkitektur\/","article:published_time":"2025-09-04T12:41:17+00:00","article:modified_time":"2025-10-16T10:49:00+00:00","twitter:card":"summary_large_image","twitter:title":"\u00d6versikt av hemsidor f\u00f6r dig som skall digitalisera din verksamhet","twitter:description":"Sidan ger en \u00f6verblick \u00f6ver hemsidor som tillhandah\u00e5ller produkter och tj\u00e4nster kopplade till omr\u00e5det f\u00f6r digitalisering och artificiell intelligens."},"aioseo_meta_data":{"post_id":"360","title":"\u00d6versikt av hemsidor f\u00f6r dig som skall digitalisera din verksamhet","description":"Sidan ger en \u00f6verblick \u00f6ver hemsidor som tillhandah\u00e5ller produkter och tj\u00e4nster kopplade till omr\u00e5det f\u00f6r digitalisering och artificiell intelligens.","keywords":null,"keyphrases":{"focus":{"keyphrase":"","score":0,"analysis":{"keyphraseInTitle":{"score":0,"maxScore":9,"error":1}}},"additional":[]},"primary_term":null,"canonical_url":null,"og_title":null,"og_description":null,"og_object_type":"default","og_image_type":"default","og_image_url":null,"og_image_width":null,"og_image_height":null,"og_image_custom_url":null,"og_image_custom_fields":null,"og_video":"","og_custom_url":null,"og_article_section":null,"og_article_tags":null,"twitter_use_og":false,"twitter_card":"default","twitter_image_type":"default","twitter_image_url":null,"twitter_image_custom_url":null,"twitter_image_custom_fields":null,"twitter_title":null,"twitter_description":null,"schema":{"blockGraphs":[],"customGraphs":[],"default":{"data":{"Article":[],"Course":[],"Dataset":[],"FAQPage":[],"Movie":[],"Person":[],"Product":[],"ProductReview":[],"Car":[],"Recipe":[],"Service":[],"SoftwareApplication":[],"WebPage":[]},"graphName":"WebPage","isEnabled":true},"graphs":[]},"schema_type":"default","schema_type_options":null,"pillar_content":false,"robots_default":true,"robots_noindex":false,"robots_noarchive":false,"robots_nosnippet":false,"robots_nofollow":false,"robots_noimageindex":false,"robots_noodp":false,"robots_notranslate":false,"robots_max_snippet":"-1","robots_max_videopreview":"-1","robots_max_imagepreview":"large","priority":null,"frequency":"default","local_seo":null,"seo_analyzer_scan_date":"2025-10-16 10:54:06","breadcrumb_settings":null,"limit_modified_date":false,"reviewed_by":"0","open_ai":null,"ai":{"faqs":[],"keyPoints":[],"titles":[],"descriptions":[],"socialPosts":{"email":[],"linkedin":[],"twitter":[],"facebook":[],"instagram":[]}},"created":"2025-09-04 12:33:50","updated":"2025-10-21 21:05:11"},"aioseo_breadcrumb":"<div class=\"aioseo-breadcrumbs\"><span class=\"aioseo-breadcrumb\">\n\tLanguage\n<\/span><span class=\"aioseo-breadcrumb-separator\">\u2192<\/span><span class=\"aioseo-breadcrumb\">\n\t<a href=\"https:\/\/rolfolsson.se\/sv\" title=\"Start\">Start<\/a>\n<\/span><span class=\"aioseo-breadcrumb-separator\">\u2192<\/span><span class=\"aioseo-breadcrumb\">\n\t<a href=\"https:\/\/rolfolsson.se\/sv\/start\/portfolio\/\" title=\"Portfolio\">Portfolio<\/a>\n<\/span><span class=\"aioseo-breadcrumb-separator\">\u2192<\/span><span class=\"aioseo-breadcrumb\">\n\t<a href=\"https:\/\/rolfolsson.se\/sv\/start\/portfolio\/portfolio-digital-arkitektur\/\" title=\"Portfolio Digital arkitektur\">Portfolio Digital arkitektur<\/a>\n<\/span><\/div>","aioseo_breadcrumb_json":[{"label":"Language","link":""},{"label":"Start","link":"https:\/\/rolfolsson.se\/sv"},{"label":"Portfolio","link":"https:\/\/rolfolsson.se\/sv\/start\/portfolio\/"},{"label":"Portfolio Digital arkitektur","link":"https:\/\/rolfolsson.se\/sv\/start\/portfolio\/portfolio-digital-arkitektur\/"}],"_links":{"self":[{"href":"https:\/\/rolfolsson.se\/sv\/wp-json\/wp\/v2\/pages\/360","targetHints":{"allow":["GET"]}}],"collection":[{"href":"https:\/\/rolfolsson.se\/sv\/wp-json\/wp\/v2\/pages"}],"about":[{"href":"https:\/\/rolfolsson.se\/sv\/wp-json\/wp\/v2\/types\/page"}],"author":[{"embeddable":true,"href":"https:\/\/rolfolsson.se\/sv\/wp-json\/wp\/v2\/users\/2"}],"replies":[{"embeddable":true,"href":"https:\/\/rolfolsson.se\/sv\/wp-json\/wp\/v2\/comments?post=360"}],"version-history":[{"count":38,"href":"https:\/\/rolfolsson.se\/sv\/wp-json\/wp\/v2\/pages\/360\/revisions"}],"predecessor-version":[{"id":688,"href":"https:\/\/rolfolsson.se\/sv\/wp-json\/wp\/v2\/pages\/360\/revisions\/688"}],"up":[{"embeddable":true,"href":"https:\/\/rolfolsson.se\/sv\/wp-json\/wp\/v2\/pages\/368"}],"wp:attachment":[{"href":"https:\/\/rolfolsson.se\/sv\/wp-json\/wp\/v2\/media?parent=360"}],"curies":[{"name":"wp","href":"https:\/\/api.w.org\/{rel}","templated":true}]}}